{"id":203,"date":"2021-03-06T07:36:42","date_gmt":"2021-03-06T06:36:42","guid":{"rendered":"http:\/\/dev.biennaitre-a-nantes.fr\/?page_id=203"},"modified":"2024-09-24T15:55:41","modified_gmt":"2024-09-24T13:55:41","slug":"cercle-de-parents","status":"publish","type":"page","link":"http:\/\/www.biennaitre-a-nantes.fr\/index.php\/cercle-de-parents\/","title":{"rendered":"Cercle de parents"},"content":{"rendered":"\n<p>Notre raison d&rsquo;\u00eatre est r\u00e9solument d&rsquo;\u00eatre \u00e0 vos c\u00f4t\u00e9s. Nous nous rendons donc disponibles pour toutes vos questions et vos doutes sur vos droits lors du suivi de grossesse et de l&rsquo;accouchement. Tous les th\u00e8mes peuvent \u00eatre abord\u00e9s, dans le respect des choix et des parcours de chacun. Nous avons cr\u00e9\u00e9 un groupe whatsapp et organisons des temps en pr\u00e9sentiel 5 fois par an. Une ou deux fois par an, nous organisons aussi des temps forts, notamment au moment de la Semaine Mondiale de l&rsquo;Accouchement Respect\u00e9 (SMAR): pi\u00e8ce de th\u00e9\u00e2tre, projection de film ou conf\u00e9rence&#8230; Les informations seront publi\u00e9es ici et sur nos r\u00e9seaux sociaux.  <\/p>\n\n\n\n<p><\/p>\n\n\n\n<p><strong><u><a href=\"http:\/\/dev.biennaitre-a-nantes.fr\/index.php\/les-soirees-du-mardi\/\" data-type=\"URL\" data-id=\"http:\/\/dev.biennaitre-a-nantes.fr\/index.php\/les-soirees-du-mardi\/\">Bien Na\u00eetre aupr\u00e8s de vous <\/a><\/u><\/strong><\/p>\n\n\n\n<p><strong><u><a href=\"http:\/\/dev.biennaitre-a-nantes.fr\/index.php\/exemple-de-themes-abordes-avec-bien-naitre\/\" data-type=\"URL\" data-id=\"http:\/\/dev.biennaitre-a-nantes.fr\/index.php\/exemple-de-themes-abordes-avec-bien-naitre\/\">Exemple de th\u00e8mes abord\u00e9s avec Bien-Na\u00eetre<\/a><\/u><\/strong><\/p>\n\n\n\n<p><a href=\"http:\/\/dev.biennaitre-a-nantes.fr\/index.php\/evenements\/\" data-type=\"URL\" data-id=\"http:\/\/dev.biennaitre-a-nantes.fr\/index.php\/evenements\/\"><strong>Autres \u00e9v\u00e8nements<\/strong><\/a> exceptionnels organis\u00e9s pour vous.<\/p>\n","protected":false},"excerpt":{"rendered":"<p>Notre raison d&rsquo;\u00eatre est r\u00e9solument d&rsquo;\u00eatre \u00e0 vos c\u00f4t\u00e9s. Nous nous rendons donc disponibles pour toutes vos questions et vos doutes sur vos droits lors du suivi de grossesse et de l&rsquo;accouchement. Tous les th\u00e8mes peuvent \u00eatre abord\u00e9s, dans le respect des choix et des parcours de chacun. Nous avons cr\u00e9\u00e9 un groupe whatsapp et &hellip; <\/p>\n","protected":false},"author":1,"featured_media":143,"parent":0,"menu_order":0,"comment_status":"closed","ping_status":"closed","template":"","meta":[],"_links":{"self":[{"href":"http:\/\/www.biennaitre-a-nantes.fr\/index.php\/wp-json\/wp\/v2\/pages\/203"}],"collection":[{"href":"http:\/\/www.biennaitre-a-nantes.fr\/index.php\/wp-json\/wp\/v2\/pages"}],"about":[{"href":"http:\/\/www.biennaitre-a-nantes.fr\/index.php\/wp-json\/wp\/v2\/types\/page"}],"author":[{"embeddable":true,"href":"http:\/\/www.biennaitre-a-nantes.fr\/index.php\/wp-json\/wp\/v2\/users\/1"}],"replies":[{"embeddable":true,"href":"http:\/\/www.biennaitre-a-nantes.fr\/index.php\/wp-json\/wp\/v2\/comments?post=203"}],"version-history":[{"count":6,"href":"http:\/\/www.biennaitre-a-nantes.fr\/index.php\/wp-json\/wp\/v2\/pages\/203\/revisions"}],"predecessor-version":[{"id":343,"href":"http:\/\/www.biennaitre-a-nantes.fr\/index.php\/wp-json\/wp\/v2\/pages\/203\/revisions\/343"}],"wp:featuredmedia":[{"embeddable":true,"href":"http:\/\/www.biennaitre-a-nantes.fr\/index.php\/wp-json\/wp\/v2\/media\/143"}],"wp:attachment":[{"href":"http:\/\/www.biennaitre-a-nantes.fr\/index.php\/wp-json\/wp\/v2\/media?parent=203"}],"curies":[{"name":"wp","href":"https:\/\/api.w.org\/{rel}","templated":true}]}}